{"id":190,"date":"2024-04-15T15:15:52","date_gmt":"2024-04-15T15:15:52","guid":{"rendered":"http:\/\/montoya.clapat-themes.com\/?page_id=190"},"modified":"2025-11-16T17:49:27","modified_gmt":"2025-11-16T16:49:27","slug":"about-2-2","status":"publish","type":"page","link":"https:\/\/nolanraimbault.com\/?page_id=190","title":{"rendered":"Qui suis-je ?"},"content":{"rendered":"\t\t<div data-elementor-type=\"wp-page\" data-elementor-id=\"190\" class=\"elementor elementor-190\" data-elementor-post-type=\"page\">\n\t\t\t\t<div class=\"content-row-elementor elementor-element elementor-element-3ef3b49 full_elementor dark-section inherit-header-color e-flex e-con-boxed e-con e-parent\" data-id=\"3ef3b49\" data-element_type=\"container\" data-settings=\"{&quot;background_background&quot;:&quot;classic&quot;}\">\n\t\t\t\t\t<div class=\"e-con-inner\">\n\t\t\t\t<div class=\"elementor-element elementor-element-fb2e2fd content-full-width text-align-center elementor-widget elementor-widget-montoya_image_clipped\" data-id=\"fb2e2fd\" data-element_type=\"widget\" data-widget_type=\"montoya_image_clipped.default\">\n\t\t\t\t<div class=\"elementor-widget-container\">\n\t\t\t<div class=\"clipped-image-wrapper\"><div class=\"clipped-image-pin\"><div class=\"clipped-image\"><img decoding=\"async\" src=\"\" alt=\"\"><div class=\"content-video-wrapper\"><video loop muted playsinline class=\"bgvid\"><source src=\"https:\/\/nolanraimbault.com\/wp-content\/uploads\/2025\/11\/nolan_eELNXPOh-1.mp4\" type=\"video\/mp4\"><\/video><\/div><div class=\"clipped-image-gradient\"><\/div><\/div><\/div><div class=\"clipped-image-content content-full-width text-align-center\"><\/div><\/div>\t\t<\/div>\n\t\t\t\t<\/div>\n\t\t\t\t\t<\/div>\n\t\t\t\t<\/div>\n\t\t<div class=\"content-row-elementor elementor-element elementor-element-f59d96e full_elementor dark-section inherit-header-color e-flex e-con-boxed e-con e-parent\" data-id=\"f59d96e\" data-element_type=\"container\" data-settings=\"{&quot;background_background&quot;:&quot;classic&quot;}\">\n\t\t\t\t\t<div class=\"e-con-inner\">\n\t\t\t\t<div class=\"elementor-element elementor-element-2554d77 elementor-widget elementor-widget-montoya_moving_thumbs_grid\" data-id=\"2554d77\" data-element_type=\"widget\" data-widget_type=\"montoya_moving_thumbs_grid.default\">\n\t\t\t\t<div class=\"elementor-widget-container\">\n\t\t\t<div class=\"move-thumbs-wrapper\"><div class=\"start-thumbs-caption\"><h2 class=\"primary-font-title big-title has-mask-fill\">avis<\/h2>\n<p>CE QUE ON DIT SUR MOI<\/p><\/div><div class=\"start-thumbs-wrapper\"><div class=\"start-move-thumb\"><div class=\"move-thumb-inner\"><div class=\"section-image\"><img decoding=\"async\" src=\"http:\/\/nolanraimbault.com\/wp-content\/uploads\/2025\/01\/Ajouter-un-sous-titre.jpg\" class=\"item-image\" alt=\"\" \/><\/div><\/div><\/div><div class=\"start-move-thumb\"><div class=\"move-thumb-inner\"><div class=\"section-image\"><img decoding=\"async\" src=\"http:\/\/nolanraimbault.com\/wp-content\/uploads\/2025\/01\/Ajouter-un-sous-titre-2.png\" class=\"item-image\" alt=\"\" \/><\/div><\/div><\/div><div class=\"start-move-thumb\"><div class=\"move-thumb-inner\"><div class=\"section-image\"><img decoding=\"async\" src=\"http:\/\/nolanraimbault.com\/wp-content\/uploads\/2025\/01\/Ajouter-un-sous-titre-3.png\" class=\"item-image\" alt=\"\" \/><\/div><\/div><\/div><div class=\"start-move-thumb\"><div class=\"move-thumb-inner\"><div class=\"section-image\"><img decoding=\"async\" src=\"http:\/\/nolanraimbault.com\/wp-content\/uploads\/2025\/01\/Ajouter-un-sous-titre.png\" class=\"item-image\" alt=\"\" \/><\/div><\/div><\/div><div class=\"start-move-thumb\"><div class=\"move-thumb-inner\"><div class=\"section-image\"><img decoding=\"async\" src=\"http:\/\/nolanraimbault.com\/wp-content\/uploads\/2025\/01\/Ajouter-un-sous-titre-4.png\" class=\"item-image\" alt=\"\" \/><\/div><\/div><\/div><div class=\"start-move-thumb\"><div class=\"move-thumb-inner\"><div class=\"section-image\"><img decoding=\"async\" src=\"http:\/\/nolanraimbault.com\/wp-content\/uploads\/2025\/01\/Ajouter-un-sous-titre-5.png\" class=\"item-image\" alt=\"\" \/><\/div><\/div><\/div><\/div><\/div>\t\t<\/div>\n\t\t\t\t<\/div>\n\t\t\t\t\t<\/div>\n\t\t\t\t<\/div>\n\t\t<div class=\"content-row-elementor elementor-element elementor-element-e6b22d4 row_padding_bottom_elementor full_elementor dark-section inherit-header-color e-flex e-con-boxed e-con e-parent\" data-id=\"e6b22d4\" data-element_type=\"container\" data-settings=\"{&quot;background_background&quot;:&quot;classic&quot;}\">\n\t\t\t\t\t<div class=\"e-con-inner\">\n\t\t\t\t<div class=\"elementor-element elementor-element-1f1aa7f elementor-widget elementor-widget-spacer\" data-id=\"1f1aa7f\" data-element_type=\"widget\" data-widget_type=\"spacer.default\">\n\t\t\t\t<div class=\"elementor-widget-container\">\n\t\t\t\t\t<div class=\"elementor-spacer\">\n\t\t\t<div class=\"elementor-spacer-inner\"><\/div>\n\t\t<\/div>\n\t\t\t\t<\/div>\n\t\t\t\t<\/div>\n\t\t\t\t<div class=\"elementor-element elementor-element-d4bec64 text-align-center elementor-widget elementor-widget-montoya_heading\" data-id=\"d4bec64\" data-element_type=\"widget\" data-widget_type=\"montoya_heading.default\">\n\t\t\t\t<div class=\"elementor-widget-container\">\n\t\t\t<h2 class=\"big-title primary-font-title no-margins has-mask-fill\">mes logiciels<\/h2>\t\t<\/div>\n\t\t\t\t<\/div>\n\t\t\t\t<div class=\"elementor-element elementor-element-96538a9 elementor-widget elementor-widget-spacer\" data-id=\"96538a9\" data-element_type=\"widget\" data-widget_type=\"spacer.default\">\n\t\t\t\t<div class=\"elementor-widget-container\">\n\t\t\t\t\t<div class=\"elementor-spacer\">\n\t\t\t<div class=\"elementor-spacer-inner\"><\/div>\n\t\t<\/div>\n\t\t\t\t<\/div>\n\t\t\t\t<\/div>\n\t\t\t\t<div class=\"elementor-element elementor-element-b7a134c elementor-widget elementor-widget-montoya_flex_list\" data-id=\"b7a134c\" data-element_type=\"widget\" data-widget_type=\"montoya_flex_list.default\">\n\t\t\t\t<div class=\"elementor-widget-container\">\n\t\t\t<ul class=\"flex-list-wrapper\"><li class=\"flex-list link has-animation\"><span class=\"flex-list-left\">CMS<\/span><span class=\"flex-list-center\">WordPress<\/span><span class=\"flex-list-right\">80%<\/span><\/li><li class=\"flex-list link has-animation\"><span class=\"flex-list-left\">Builder<\/span><span class=\"flex-list-center\">Elementor<\/span><span class=\"flex-list-right\">80%<\/span><\/li><li class=\"flex-list link has-animation\"><span class=\"flex-list-left\">CMS<\/span><span class=\"flex-list-center\">Shopify<\/span><span class=\"flex-list-right\">70%<\/span><\/li><li class=\"flex-list link has-animation\"><span class=\"flex-list-left\">Outil d'analyse<\/span><span class=\"flex-list-center\">Google analytics<\/span><span class=\"flex-list-right\">70%<\/span><\/li><li class=\"flex-list link has-animation\"><span class=\"flex-list-left\">Outil no-code<\/span><span class=\"flex-list-center\">Framer<\/span><span class=\"flex-list-right\">65%<\/span><\/li><li class=\"flex-list link has-animation\"><span class=\"flex-list-left\">Logiciel de retouche<\/span><span class=\"flex-list-center\">Photoshop<\/span><span class=\"flex-list-right\">65%<\/span><\/li><li class=\"flex-list link has-animation\"><span class=\"flex-list-left\">Application de dessin vectoriel de r\u00e9f\u00e9rence<\/span><span class=\"flex-list-center\">Illustrator<\/span><span class=\"flex-list-right\">70%<\/span><\/li><li class=\"flex-list link has-animation\"><span class=\"flex-list-left\">Outil de design \u00e0 interface collaborative<\/span><span class=\"flex-list-center\">Figma<\/span><span class=\"flex-list-right\">80%<\/span><\/li><\/ul>\t\t<\/div>\n\t\t\t\t<\/div>\n\t\t\t\t\t<\/div>\n\t\t\t\t<\/div>\n\t\t<div class=\"content-row-elementor elementor-element elementor-element-7b3c537 light-section change-header-color row_padding_top_elementor row_padding_bottom_elementor has-clip-path full_elementor row_padding_left_elementor row_padding_right_elementor e-flex e-con-boxed e-con e-parent\" data-id=\"7b3c537\" data-element_type=\"container\" data-settings=\"{&quot;background_background&quot;:&quot;classic&quot;}\">\n\t\t\t\t\t<div class=\"e-con-inner\">\n\t\t<div class=\"content-row-elementor elementor-element elementor-element-b0ab88e e-con-full dark-section inherit-header-color full_elementor row_padding_left_elementor row_padding_right_elementor e-flex e-con e-child\" data-id=\"b0ab88e\" data-element_type=\"container\">\n\t\t\t\t<div class=\"elementor-element elementor-element-0a15689 text-align-left elementor-widget elementor-widget-montoya_heading\" data-id=\"0a15689\" data-element_type=\"widget\" data-widget_type=\"montoya_heading.default\">\n\t\t\t\t<div class=\"elementor-widget-container\">\n\t\t\t<h2 class=\"big-title primary-font-title no-margins\">Mes <\/br>\nqualit\u00e9s<\/h2>\t\t<\/div>\n\t\t\t\t<\/div>\n\t\t\t\t<\/div>\n\t\t<div class=\"content-row-elementor elementor-element elementor-element-c6c5641 e-con-full dark-section inherit-header-color full_elementor row_padding_left_elementor row_padding_right_elementor e-flex e-con e-child\" data-id=\"c6c5641\" data-element_type=\"container\">\n\t\t\t\t<div class=\"elementor-element elementor-element-0862cce elementor-widget elementor-widget-montoya_accordion\" data-id=\"0862cce\" data-element_type=\"widget\" data-widget_type=\"montoya_accordion.default\">\n\t\t\t\t<div class=\"elementor-widget-container\">\n\t\t\t<dl class=\"accordion small-acc\"><dt><span class=\"link\">Leadership<\/span><div class=\"acc-icon-wrap parallax-wrap\"><div class=\"acc-button-icon parallax-element\"><i class=\"fa fa-arrow-right\"><\/i><\/div><\/div><\/dt><dd class=\"accordion-content\">Je prends l\u2019initiative et guide mon \u00e9quipe avec une vision claire. J\u2019arrive \u00e0 motiver les autres et \u00e0 prendre des d\u00e9cisions pour atteindre nos objectifs.<\/dd><dt><span class=\"link\">D\u00e9termin\u00e9<\/span><div class=\"acc-icon-wrap parallax-wrap\"><div class=\"acc-button-icon parallax-element\"><i class=\"fa fa-arrow-right\"><\/i><\/div><\/div><\/dt><dd class=\"accordion-content\">Je suis d\u00e9termin\u00e9 et je ne l\u00e2che jamais prise, m\u00eame face aux obstacles. Je reste concentr\u00e9 sur mes objectifs et je mets tout en \u0153uvre pour les atteindre.<\/dd><dt><span class=\"link\">Autonome<\/span><div class=\"acc-icon-wrap parallax-wrap\"><div class=\"acc-button-icon parallax-element\"><i class=\"fa fa-arrow-right\"><\/i><\/div><\/div><\/dt><dd class=\"accordion-content\">Je suis autonome, capable de g\u00e9rer mes projets seul et de prendre des d\u00e9cisions sans avoir besoin d\u2019une supervision constante.<\/dd><dt><span class=\"link\">Ambitieux<\/span><div class=\"acc-icon-wrap parallax-wrap\"><div class=\"acc-button-icon parallax-element\"><i class=\"fa fa-arrow-right\"><\/i><\/div><\/div><\/dt><dd class=\"accordion-content\">Je suis ambitieux et toujours \u00e0 la recherche de nouveaux d\u00e9fis pour me d\u00e9passer et atteindre des objectifs plus \u00e9lev\u00e9s.<\/dd><dt><span class=\"link\">Optimiste<\/span><div class=\"acc-icon-wrap parallax-wrap\"><div class=\"acc-button-icon parallax-element\"><i class=\"fa fa-arrow-right\"><\/i><\/div><\/div><\/dt><dd class=\"accordion-content\">Je suis optimiste, toujours \u00e0 la recherche de solutions positives m\u00eame dans les situations difficiles.<\/dd><dt><span class=\"link\">Polyvalent<\/span><div class=\"acc-icon-wrap parallax-wrap\"><div class=\"acc-button-icon parallax-element\"><i class=\"fa fa-arrow-right\"><\/i><\/div><\/div><\/dt><dd class=\"accordion-content\">Je suis polyvalent, capable de m\u2019adapter \u00e0 diff\u00e9rents projets et de g\u00e9rer diverses t\u00e2ches avec efficacit\u00e9.<\/dd><\/dl>\t\t<\/div>\n\t\t\t\t<\/div>\n\t\t\t\t<\/div>\n\t\t\t\t\t<\/div>\n\t\t\t\t<\/div>\n\t\t<div class=\"content-row-elementor elementor-element elementor-element-0e10033 row_padding_top_elementor e-con-full dark-section inherit-header-color full_elementor row_padding_left_elementor row_padding_right_elementor e-flex e-con e-parent\" data-id=\"0e10033\" data-element_type=\"container\" data-settings=\"{&quot;background_background&quot;:&quot;classic&quot;}\">\n\t\t\t\t<div class=\"elementor-element elementor-element-3d2030f text-align-center elementor-widget elementor-widget-montoya_heading\" data-id=\"3d2030f\" data-element_type=\"widget\" data-widget_type=\"montoya_heading.default\">\n\t\t\t\t<div class=\"elementor-widget-container\">\n\t\t\t<h1 class=\"big-title primary-font-title has-mask-fill\">mes inspirations<\/h1>\t\t<\/div>\n\t\t\t\t<\/div>\n\t\t\t\t<div class=\"elementor-element elementor-element-42dada7 elementor-widget elementor-widget-text-editor\" data-id=\"42dada7\" data-element_type=\"widget\" data-widget_type=\"text-editor.default\">\n\t\t\t\t<div class=\"elementor-widget-container\">\n\t\t\t\t\t\t\t<p class=\"p1\">CES PERSONNES QUI M\u2019INSPIRENT CHAQUE JOUR PAR LEUR TRAVAIL, LEUR CR\u00c9ATIVIT\u00c9 ET LEUR VISION,<\/p><p class=\"p1\">ME MOTIVANT \u00c0 ME D\u00c9PASSER CONSTAMMENT.<\/p>\t\t\t\t\t\t<\/div>\n\t\t\t\t<\/div>\n\t\t\t\t<\/div>\n\t\t<div class=\"content-row-elementor elementor-element elementor-element-d487b27 row_padding_top_elementor row_padding_bottom_elementor full_elementor e-con-full dark-section inherit-header-color e-flex e-con e-parent\" data-id=\"d487b27\" data-element_type=\"container\" data-settings=\"{&quot;background_background&quot;:&quot;classic&quot;}\">\n\t\t\t\t<div class=\"elementor-element elementor-element-78e8f63 elementor-widget elementor-widget-montoya_team_members\" data-id=\"78e8f63\" data-element_type=\"widget\" data-widget_type=\"montoya_team_members.default\">\n\t\t\t\t<div class=\"elementor-widget-container\">\n\t\t\t<ul class=\"team-members-list\" data-fx=\"1\"><li class=\"link has-hover-image\" data-img=\"http:\/\/nolanraimbault.com\/wp-content\/uploads\/2025\/01\/IMG_3054-scaled.jpg\"><div class=\"team-member has-animation\"><span>Entrepreneur\/Inventeur<\/span><div class=\"primary-font-title\">Steve Jobs<\/div><span>Visionnaire<\/span><\/div><\/li><li class=\"link has-hover-image\" data-img=\"http:\/\/nolanraimbault.com\/wp-content\/uploads\/2025\/01\/IMG_3053.jpg\"><div class=\"team-member has-animation\"><span>Footballeur<\/span><div class=\"primary-font-title\">Cristiano Ronaldo<\/div><span>Pers\u00e9v\u00e9rance<\/span><\/div><\/li><li class=\"link has-hover-image\" data-img=\"http:\/\/nolanraimbault.com\/wp-content\/uploads\/2025\/01\/IMG_3051.jpg\"><div class=\"team-member has-animation\"><span>Cr\u00e9ateur de contenu<\/span><div class=\"primary-font-title\">Inoxtag<\/div><span>Authenticit\u00e9<\/span><\/div><\/li><li class=\"link has-hover-image\" data-img=\"http:\/\/nolanraimbault.com\/wp-content\/uploads\/2025\/01\/IMG_3055.png\"><div class=\"team-member has-animation\"><span>Artiste<\/span><div class=\"primary-font-title\">Damso<\/div><span>Cr\u00e9ativit\u00e9<\/span><\/div><\/li><li class=\"link has-hover-image\" data-img=\"http:\/\/nolanraimbault.com\/wp-content\/uploads\/2025\/01\/IMG_3056.jpg\"><div class=\"team-member has-animation\"><span>Entrepreneur<\/span><div class=\"primary-font-title\">Yomi denzel<\/div><span>Motivant<\/span><\/div><\/li><\/ul>\t\t<\/div>\n\t\t\t\t<\/div>\n\t\t\t\t<\/div>\n\t\t\t\t<\/div>\n\t\t","protected":false},"excerpt":{"rendered":"<p>avis CE QUE ON DIT SUR MOI mes logiciels CMSWordpress80% BuilderElementor80% CMSShopify70% Outil d&rsquo;analyseGoogle analytics70% Outil no-codeFramer65% Logiciel de retouchePhotoshop65% Application de dessin vectoriel de r\u00e9f\u00e9renceIllustrator70% Outil de design \u00e0 interface collaborativeFigma80% Mes qualit\u00e9s Leadership Je prends l\u2019initiative et guide mon \u00e9quipe avec une vision claire. J\u2019arrive \u00e0 motiver les autres et \u00e0 prendre des [&hellip;]<\/p>\n","protected":false},"author":1,"featured_media":0,"parent":0,"menu_order":0,"comment_status":"closed","ping_status":"closed","template":"","meta":{"footnotes":""},"class_list":["post-190","page","type-page","status-publish","hentry"],"yoast_head":"<!-- This site is optimized with the Yoast SEO plugin v24.2 - https:\/\/yoast.com\/wordpress\/plugins\/seo\/ -->\n<title>Qui suis-je ? - Nolan Raimbault<\/title>\n<meta name=\"robots\" content=\"index, follow, max-snippet:-1, max-image-preview:large, max-video-preview:-1\" \/>\n<link rel=\"canonical\" href=\"https:\/\/nolanraimbault.com\/?page_id=190\" \/>\n<meta property=\"og:locale\" content=\"fr_FR\" \/>\n<meta property=\"og:type\" content=\"article\" \/>\n<meta property=\"og:title\" content=\"Qui suis-je ? - Nolan Raimbault\" \/>\n<meta property=\"og:description\" content=\"avis CE QUE ON DIT SUR MOI mes logiciels CMSWordpress80% BuilderElementor80% CMSShopify70% Outil d&rsquo;analyseGoogle analytics70% Outil no-codeFramer65% Logiciel de retouchePhotoshop65% Application de dessin vectoriel de r\u00e9f\u00e9renceIllustrator70% Outil de design \u00e0 interface collaborativeFigma80% Mes qualit\u00e9s Leadership Je prends l\u2019initiative et guide mon \u00e9quipe avec une vision claire. J\u2019arrive \u00e0 motiver les autres et \u00e0 prendre des [&hellip;]\" \/>\n<meta property=\"og:url\" content=\"https:\/\/nolanraimbault.com\/?page_id=190\" \/>\n<meta property=\"og:site_name\" content=\"Nolan Raimbault\" \/>\n<meta property=\"article:modified_time\" content=\"2025-11-16T16:49:27+00:00\" \/>\n<meta property=\"og:image\" content=\"http:\/\/nolanraimbault.com\/wp-content\/uploads\/2025\/01\/Ajouter-un-sous-titre.jpg\" \/>\n<meta name=\"twitter:card\" content=\"summary_large_image\" \/>\n<meta name=\"twitter:label1\" content=\"Dur\u00e9e de lecture estim\u00e9e\" \/>\n\t<meta name=\"twitter:data1\" content=\"3 minutes\" \/>\n<script type=\"application\/ld+json\" class=\"yoast-schema-graph\">{\"@context\":\"https:\/\/schema.org\",\"@graph\":[{\"@type\":\"WebPage\",\"@id\":\"https:\/\/nolanraimbault.com\/?page_id=190\",\"url\":\"https:\/\/nolanraimbault.com\/?page_id=190\",\"name\":\"Qui suis-je ? - Nolan Raimbault\",\"isPartOf\":{\"@id\":\"https:\/\/nolanraimbault.com\/#website\"},\"primaryImageOfPage\":{\"@id\":\"https:\/\/nolanraimbault.com\/?page_id=190#primaryimage\"},\"image\":{\"@id\":\"https:\/\/nolanraimbault.com\/?page_id=190#primaryimage\"},\"thumbnailUrl\":\"http:\/\/nolanraimbault.com\/wp-content\/uploads\/2025\/01\/Ajouter-un-sous-titre.jpg\",\"datePublished\":\"2024-04-15T15:15:52+00:00\",\"dateModified\":\"2025-11-16T16:49:27+00:00\",\"breadcrumb\":{\"@id\":\"https:\/\/nolanraimbault.com\/?page_id=190#breadcrumb\"},\"inLanguage\":\"fr-FR\",\"potentialAction\":[{\"@type\":\"ReadAction\",\"target\":[\"https:\/\/nolanraimbault.com\/?page_id=190\"]}]},{\"@type\":\"ImageObject\",\"inLanguage\":\"fr-FR\",\"@id\":\"https:\/\/nolanraimbault.com\/?page_id=190#primaryimage\",\"url\":\"https:\/\/nolanraimbault.com\/wp-content\/uploads\/2025\/01\/Ajouter-un-sous-titre.jpg\",\"contentUrl\":\"https:\/\/nolanraimbault.com\/wp-content\/uploads\/2025\/01\/Ajouter-un-sous-titre.jpg\",\"width\":1080,\"height\":1080},{\"@type\":\"BreadcrumbList\",\"@id\":\"https:\/\/nolanraimbault.com\/?page_id=190#breadcrumb\",\"itemListElement\":[{\"@type\":\"ListItem\",\"position\":1,\"name\":\"Accueil\",\"item\":\"https:\/\/nolanraimbault.com\/\"},{\"@type\":\"ListItem\",\"position\":2,\"name\":\"Qui suis-je ?\"}]},{\"@type\":\"WebSite\",\"@id\":\"https:\/\/nolanraimbault.com\/#website\",\"url\":\"https:\/\/nolanraimbault.com\/\",\"name\":\"Nolan Raimbault\",\"description\":\"\",\"publisher\":{\"@id\":\"https:\/\/nolanraimbault.com\/#organization\"},\"potentialAction\":[{\"@type\":\"SearchAction\",\"target\":{\"@type\":\"EntryPoint\",\"urlTemplate\":\"https:\/\/nolanraimbault.com\/?s={search_term_string}\"},\"query-input\":{\"@type\":\"PropertyValueSpecification\",\"valueRequired\":true,\"valueName\":\"search_term_string\"}}],\"inLanguage\":\"fr-FR\"},{\"@type\":\"Organization\",\"@id\":\"https:\/\/nolanraimbault.com\/#organization\",\"name\":\"Nolan Raimbault\",\"url\":\"https:\/\/nolanraimbault.com\/\",\"logo\":{\"@type\":\"ImageObject\",\"inLanguage\":\"fr-FR\",\"@id\":\"https:\/\/nolanraimbault.com\/#\/schema\/logo\/image\/\",\"url\":\"http:\/\/nolanraimbault.com\/wp-content\/uploads\/2025\/01\/logoNR.png\",\"contentUrl\":\"http:\/\/nolanraimbault.com\/wp-content\/uploads\/2025\/01\/logoNR.png\",\"width\":2002,\"height\":2002,\"caption\":\"Nolan Raimbault\"},\"image\":{\"@id\":\"https:\/\/nolanraimbault.com\/#\/schema\/logo\/image\/\"}}]}<\/script>\n<!-- \/ Yoast SEO plugin. -->","yoast_head_json":{"title":"Qui suis-je ? - Nolan Raimbault","robots":{"index":"index","follow":"follow","max-snippet":"max-snippet:-1","max-image-preview":"max-image-preview:large","max-video-preview":"max-video-preview:-1"},"canonical":"https:\/\/nolanraimbault.com\/?page_id=190","og_locale":"fr_FR","og_type":"article","og_title":"Qui suis-je ? - Nolan Raimbault","og_description":"avis CE QUE ON DIT SUR MOI mes logiciels CMSWordpress80% BuilderElementor80% CMSShopify70% Outil d&rsquo;analyseGoogle analytics70% Outil no-codeFramer65% Logiciel de retouchePhotoshop65% Application de dessin vectoriel de r\u00e9f\u00e9renceIllustrator70% Outil de design \u00e0 interface collaborativeFigma80% Mes qualit\u00e9s Leadership Je prends l\u2019initiative et guide mon \u00e9quipe avec une vision claire. J\u2019arrive \u00e0 motiver les autres et \u00e0 prendre des [&hellip;]","og_url":"https:\/\/nolanraimbault.com\/?page_id=190","og_site_name":"Nolan Raimbault","article_modified_time":"2025-11-16T16:49:27+00:00","og_image":[{"url":"http:\/\/nolanraimbault.com\/wp-content\/uploads\/2025\/01\/Ajouter-un-sous-titre.jpg","type":"","width":"","height":""}],"twitter_card":"summary_large_image","twitter_misc":{"Dur\u00e9e de lecture estim\u00e9e":"3 minutes"},"schema":{"@context":"https:\/\/schema.org","@graph":[{"@type":"WebPage","@id":"https:\/\/nolanraimbault.com\/?page_id=190","url":"https:\/\/nolanraimbault.com\/?page_id=190","name":"Qui suis-je ? - Nolan Raimbault","isPartOf":{"@id":"https:\/\/nolanraimbault.com\/#website"},"primaryImageOfPage":{"@id":"https:\/\/nolanraimbault.com\/?page_id=190#primaryimage"},"image":{"@id":"https:\/\/nolanraimbault.com\/?page_id=190#primaryimage"},"thumbnailUrl":"http:\/\/nolanraimbault.com\/wp-content\/uploads\/2025\/01\/Ajouter-un-sous-titre.jpg","datePublished":"2024-04-15T15:15:52+00:00","dateModified":"2025-11-16T16:49:27+00:00","breadcrumb":{"@id":"https:\/\/nolanraimbault.com\/?page_id=190#breadcrumb"},"inLanguage":"fr-FR","potentialAction":[{"@type":"ReadAction","target":["https:\/\/nolanraimbault.com\/?page_id=190"]}]},{"@type":"ImageObject","inLanguage":"fr-FR","@id":"https:\/\/nolanraimbault.com\/?page_id=190#primaryimage","url":"https:\/\/nolanraimbault.com\/wp-content\/uploads\/2025\/01\/Ajouter-un-sous-titre.jpg","contentUrl":"https:\/\/nolanraimbault.com\/wp-content\/uploads\/2025\/01\/Ajouter-un-sous-titre.jpg","width":1080,"height":1080},{"@type":"BreadcrumbList","@id":"https:\/\/nolanraimbault.com\/?page_id=190#breadcrumb","itemListElement":[{"@type":"ListItem","position":1,"name":"Accueil","item":"https:\/\/nolanraimbault.com\/"},{"@type":"ListItem","position":2,"name":"Qui suis-je ?"}]},{"@type":"WebSite","@id":"https:\/\/nolanraimbault.com\/#website","url":"https:\/\/nolanraimbault.com\/","name":"Nolan Raimbault","description":"","publisher":{"@id":"https:\/\/nolanraimbault.com\/#organization"},"potentialAction":[{"@type":"SearchAction","target":{"@type":"EntryPoint","urlTemplate":"https:\/\/nolanraimbault.com\/?s={search_term_string}"},"query-input":{"@type":"PropertyValueSpecification","valueRequired":true,"valueName":"search_term_string"}}],"inLanguage":"fr-FR"},{"@type":"Organization","@id":"https:\/\/nolanraimbault.com\/#organization","name":"Nolan Raimbault","url":"https:\/\/nolanraimbault.com\/","logo":{"@type":"ImageObject","inLanguage":"fr-FR","@id":"https:\/\/nolanraimbault.com\/#\/schema\/logo\/image\/","url":"http:\/\/nolanraimbault.com\/wp-content\/uploads\/2025\/01\/logoNR.png","contentUrl":"http:\/\/nolanraimbault.com\/wp-content\/uploads\/2025\/01\/logoNR.png","width":2002,"height":2002,"caption":"Nolan Raimbault"},"image":{"@id":"https:\/\/nolanraimbault.com\/#\/schema\/logo\/image\/"}}]}},"_links":{"self":[{"href":"https:\/\/nolanraimbault.com\/index.php?rest_route=\/wp\/v2\/pages\/190","targetHints":{"allow":["GET"]}}],"collection":[{"href":"https:\/\/nolanraimbault.com\/index.php?rest_route=\/wp\/v2\/pages"}],"about":[{"href":"https:\/\/nolanraimbault.com\/index.php?rest_route=\/wp\/v2\/types\/page"}],"author":[{"embeddable":true,"href":"https:\/\/nolanraimbault.com\/index.php?rest_route=\/wp\/v2\/users\/1"}],"replies":[{"embeddable":true,"href":"https:\/\/nolanraimbault.com\/index.php?rest_route=%2Fwp%2Fv2%2Fcomments&post=190"}],"version-history":[{"count":85,"href":"https:\/\/nolanraimbault.com\/index.php?rest_route=\/wp\/v2\/pages\/190\/revisions"}],"predecessor-version":[{"id":3869,"href":"https:\/\/nolanraimbault.com\/index.php?rest_route=\/wp\/v2\/pages\/190\/revisions\/3869"}],"wp:attachment":[{"href":"https:\/\/nolanraimbault.com\/index.php?rest_route=%2Fwp%2Fv2%2Fmedia&parent=190"}],"curies":[{"name":"wp","href":"https:\/\/api.w.org\/{rel}","templated":true}]}}